{"id":6506,"date":"2021-04-15T18:37:31","date_gmt":"2021-04-15T18:37:31","guid":{"rendered":"http:\/\/stwill.nfsb.qc.ca\/?page_id=6506"},"modified":"2026-03-20T14:13:27","modified_gmt":"2026-03-20T14:13:27","slug":"problem","status":"publish","type":"page","link":"https:\/\/stwill.nfsb.qc.ca\/fr\/problem\/","title":{"rendered":"Un probl\u00e8me \u00e0 l'\u00e9cole ?"},"content":{"rendered":"","protected":false},"excerpt":{"rendered":"","protected":false},"author":2,"featured_media":0,"parent":0,"menu_order":0,"comment_status":"closed","ping_status":"closed","template":"","meta":{"footnotes":""},"class_list":["post-6506","page","type-page","status-publish","hentry"],"_links":{"self":[{"href":"https:\/\/stwill.nfsb.qc.ca\/fr\/wp-json\/wp\/v2\/pages\/6506","targetHints":{"allow":["GET"]}}],"collection":[{"href":"https:\/\/stwill.nfsb.qc.ca\/fr\/wp-json\/wp\/v2\/pages"}],"about":[{"href":"https:\/\/stwill.nfsb.qc.ca\/fr\/wp-json\/wp\/v2\/types\/page"}],"author":[{"embeddable":true,"href":"https:\/\/stwill.nfsb.qc.ca\/fr\/wp-json\/wp\/v2\/users\/2"}],"replies":[{"embeddable":true,"href":"https:\/\/stwill.nfsb.qc.ca\/fr\/wp-json\/wp\/v2\/comments?post=6506"}],"version-history":[{"count":5,"href":"https:\/\/stwill.nfsb.qc.ca\/fr\/wp-json\/wp\/v2\/pages\/6506\/revisions"}],"predecessor-version":[{"id":8126,"href":"https:\/\/stwill.nfsb.qc.ca\/fr\/wp-json\/wp\/v2\/pages\/6506\/revisions\/8126"}],"wp:attachment":[{"href":"https:\/\/stwill.nfsb.qc.ca\/fr\/wp-json\/wp\/v2\/media?parent=6506"}],"curies":[{"name":"wp","href":"https:\/\/api.w.org\/{rel}","templated":true}]}}